{"id":15,"date":"2023-09-05T06:31:48","date_gmt":"2023-09-05T03:31:48","guid":{"rendered":"https:\/\/cdn.mobilauer.ro\/checkout\/"},"modified":"2024-08-20T15:47:38","modified_gmt":"2024-08-20T12:47:38","slug":"checkout","status":"publish","type":"page","link":"https:\/\/mobilauer.ro\/en\/checkout\/","title":{"rendered":"Checkout"},"content":{"rendered":"<div data-elementor-type=\"wp-page\" data-elementor-id=\"15\" class=\"elementor elementor-15\" data-elementor-post-type=\"page\">\n\t\t\t\t\t\t<section class=\"elementor-section elementor-top-section elementor-element elementor-element-2516f65d elementor-section-boxed elementor-section-height-default elementor-section-height-default qodef-elementor-content-no qodef-elementor-overlay-no\" data-id=\"2516f65d\" data-element_type=\"section\" data-e-type=\"section\">\n\t\t\t\t\t\t<div class=\"elementor-container elementor-column-gap-default\">\n\t\t\t\t\t<div class=\"elementor-column elementor-col-100 elementor-top-column elementor-element elementor-element-7ea3f9dd\" data-id=\"7ea3f9dd\" data-element_type=\"column\" data-e-type=\"column\">\n\t\t\t<div class=\"elementor-widget-wrap elementor-element-populated\">\n\t\t\t\t\t\t<div class=\"elementor-element elementor-element-f3c7cde e-checkout-layout-two-column elementor-widget elementor-widget-woocommerce-checkout-page\" data-id=\"f3c7cde\" data-element_type=\"widget\" data-e-type=\"widget\" data-settings=\"{&quot;sticky_right_column&quot;:&quot;yes&quot;}\" data-widget_type=\"woocommerce-checkout-page.default\">\n\t\t\t\t<div class=\"elementor-widget-container\">\n\t\t\t\t\t<div class=\"woocommerce\"><\/div>\t\t\t\t<\/div>\n\t\t\t\t<\/div>\n\t\t\t\t<div class=\"elementor-element elementor-element-2229e1af elementor-hidden-desktop elementor-hidden-tablet elementor-hidden-mobile elementor-widget elementor-widget-text-editor\" data-id=\"2229e1af\" data-element_type=\"widget\" data-e-type=\"widget\" data-widget_type=\"text-editor.default\">\n\t\t\t\t<div class=\"elementor-widget-container\">\n\t\t\t\t\t\t\t\t\t<p><div class=\"woocommerce\"><\/div><\/p>\n\t\t\t\t\t\t\t\t<\/div>\n\t\t\t\t<\/div>\n\t\t\t\t\t<\/div>\n\t\t<\/div>\n\t\t\t\t\t<\/div>\n\t\t<\/section>\n\t\t\t\t<\/div>","protected":false},"excerpt":{"rendered":"<p>Detalii pentru facturare Nume&nbsp;* Prenume&nbsp;* Nume companie&nbsp;(op\u021bional) \u021aar\u0103\/regiune&nbsp;*Rom\u00e2nia Strad\u0103&nbsp;* Apartament, complex, unitate etc&nbsp;(op\u021bional) Municipiu\/localitate&nbsp;* Jude\u021b&nbsp;*Selecteaz\u0103 o op\u021biune&#8230;AlbaAradArge\u0219Bac\u0103uBihorBistri\u021ba-N\u0103s\u0103udBoto\u0219aniBr\u0103ilaBra\u0219ovBucure\u0219tiBuz\u0103uC\u0103l\u0103ra\u0219iCara\u0219-SeverinClujConstan\u021baCovasnaD\u00e2mbovi\u021baDoljGala\u021biGiurgiuGorjHarghitaHunedoaraIalomi\u021baIa\u0219iIlfovMaramure\u0219Mehedin\u021biMure\u0219Neam\u021bOltPrahovaS\u0103lajSatu MareSibiuSuceavaTeleormanTimi\u0219TulceaV\u00e2lceaVasluiVrancea Cod po\u0219tal&nbsp;* Telefon&nbsp;* Email&nbsp;* Sign me up to receive email updates and news&nbsp;(op\u021bional) Informa\u021bii suplimentare&nbsp;(op\u021bional) Comanda ta Produs Sub-total Set canapele Roma&nbsp; &times;&nbsp;1 7600&nbsp;lei Ara Masa MDF 6 P &#8211; 6&nbsp; &times;&nbsp;1 Scaune: 6 1700&nbsp;lei Sub-total 9300&nbsp;lei [&hellip;]<\/p>\n","protected":false},"author":1,"featured_media":0,"parent":0,"menu_order":88,"comment_status":"closed","ping_status":"closed","template":"","meta":{"ngg_post_thumbnail":0,"footnotes":""},"class_list":["post-15","page","type-page","status-publish","hentry"],"_links":{"self":[{"href":"https:\/\/mobilauer.ro\/en\/wp-json\/wp\/v2\/pages\/15","targetHints":{"allow":["GET"]}}],"collection":[{"href":"https:\/\/mobilauer.ro\/en\/wp-json\/wp\/v2\/pages"}],"about":[{"href":"https:\/\/mobilauer.ro\/en\/wp-json\/wp\/v2\/types\/page"}],"author":[{"embeddable":true,"href":"https:\/\/mobilauer.ro\/en\/wp-json\/wp\/v2\/users\/1"}],"replies":[{"embeddable":true,"href":"https:\/\/mobilauer.ro\/en\/wp-json\/wp\/v2\/comments?post=15"}],"version-history":[{"count":0,"href":"https:\/\/mobilauer.ro\/en\/wp-json\/wp\/v2\/pages\/15\/revisions"}],"wp:attachment":[{"href":"https:\/\/mobilauer.ro\/en\/wp-json\/wp\/v2\/media?parent=15"}],"curies":[{"name":"wp","href":"https:\/\/api.w.org\/{rel}","templated":true}]}}