{"id":2000,"date":"2021-04-20T14:59:29","date_gmt":"2021-04-20T11:59:29","guid":{"rendered":"https:\/\/cdn.mobilauer.ro\/?page_id=2000"},"modified":"2026-04-07T11:23:10","modified_gmt":"2026-04-07T08:23:10","slug":"despre-noi","status":"publish","type":"page","link":"https:\/\/mobilauer.ro\/en\/despre-noi\/","title":{"rendered":"ABOUT US"},"content":{"rendered":"<div data-elementor-type=\"wp-page\" data-elementor-id=\"2000\" class=\"elementor elementor-2000\" data-elementor-post-type=\"page\">\n\t\t\t\t\t\t<section class=\"elementor-section elementor-top-section elementor-element elementor-element-6c1e2aa0 elementor-section-full_width qodef-elementor-content-grid elementor-section-content-middle elementor-section-height-default elementor-section-height-default qodef-elementor-overlay-no\" data-id=\"6c1e2aa0\" data-element_type=\"section\" data-e-type=\"section\">\n\t\t\t\t\t\t<div class=\"elementor-container elementor-column-gap-wide\">\n\t\t\t\t\t<div class=\"elementor-column elementor-col-50 elementor-top-column elementor-element elementor-element-58d80f57\" data-id=\"58d80f57\" data-element_type=\"column\" data-e-type=\"column\">\n\t\t\t<div class=\"elementor-widget-wrap elementor-element-populated\">\n\t\t\t\t\t\t<div class=\"elementor-element elementor-element-c82ed06 elementor-widget elementor-widget-heading\" data-id=\"c82ed06\" data-element_type=\"widget\" data-e-type=\"widget\" data-widget_type=\"heading.default\">\n\t\t\t\t<div class=\"elementor-widget-container\">\n\t\t\t\t\t<h1 class=\"elementor-heading-title elementor-size-default\">ABOUT US<\/h1>\t\t\t\t<\/div>\n\t\t\t\t<\/div>\n\t\t\t\t<div class=\"elementor-element elementor-element-3ebe8d73 elementor-widget elementor-widget-text-editor\" data-id=\"3ebe8d73\" data-element_type=\"widget\" data-e-type=\"widget\" data-widget_type=\"text-editor.default\">\n\t\t\t\t<div class=\"elementor-widget-container\">\n\t\t\t\t\t\t\t\t\t<p>We have designed an online showroom for you, intended to create a unique shopping experience with a complex and realistically integrated product viewing environment.<\/p><p>The elements of our collection are created with an aesthetic touch, but with an emphasis on quality.\nOur products are made with a sustained support of quality materials and can also be created in various sizes with a wide range of colors. The furniture products in the series incorporate both traditional and modern features, sometimes stylised with accessories.<\/p>\t\t\t\t\t\t\t\t<\/div>\n\t\t\t\t<\/div>\n\t\t\t\t\t<\/div>\n\t\t<\/div>\n\t\t\t\t<div class=\"elementor-column elementor-col-50 elementor-top-column elementor-element elementor-element-8e2c96e\" data-id=\"8e2c96e\" data-element_type=\"column\" data-e-type=\"column\">\n\t\t\t<div class=\"elementor-widget-wrap elementor-element-populated\">\n\t\t\t\t\t\t<div class=\"elementor-element elementor-element-ff835a3 elementor-widget elementor-widget-image\" data-id=\"ff835a3\" data-element_type=\"widget\" data-e-type=\"widget\" data-widget_type=\"image.default\">\n\t\t\t\t<div class=\"elementor-widget-container\">\n\t\t\t\t\t\t\t\t\t\t\t\t\t\t\t<img fetchpriority=\"high\" decoding=\"async\" width=\"1024\" height=\"683\" src=\"https:\/\/mobilauer.ro\/wp-content\/uploads\/2026\/03\/masa-1024x683.jpg\" class=\"attachment-large size-large wp-image-14339 wvs-archive-product-image\" alt=\"\" srcset=\"https:\/\/mobilauer.ro\/wp-content\/uploads\/2026\/03\/masa-1024x683.jpg 1024w, https:\/\/mobilauer.ro\/wp-content\/uploads\/2026\/03\/masa-300x200.jpg 300w, https:\/\/mobilauer.ro\/wp-content\/uploads\/2026\/03\/masa-768x512.jpg 768w, https:\/\/mobilauer.ro\/wp-content\/uploads\/2026\/03\/masa-18x12.jpg 18w, https:\/\/mobilauer.ro\/wp-content\/uploads\/2026\/03\/masa-600x400.jpg 600w, https:\/\/mobilauer.ro\/wp-content\/uploads\/2026\/03\/masa.jpg 1536w\" sizes=\"(max-width: 1024px) 100vw, 1024px\" \/>\t\t\t\t\t\t\t\t\t\t\t\t\t\t\t<\/div>\n\t\t\t\t<\/div>\n\t\t\t\t\t<\/div>\n\t\t<\/div>\n\t\t\t\t\t<\/div>\n\t\t<\/section>\n\t\t\t\t<section class=\"elementor-section elementor-top-section elementor-element elementor-element-006d4ba elementor-section-full_width qodef-elementor-content-grid elementor-section-height-default elementor-section-height-default qodef-elementor-overlay-no\" data-id=\"006d4ba\" data-element_type=\"section\" data-e-type=\"section\">\n\t\t\t\t\t\t<div class=\"elementor-container elementor-column-gap-default\">\n\t\t\t\t\t<div class=\"elementor-column elementor-col-50 elementor-top-column elementor-element elementor-element-ea12e3f\" data-id=\"ea12e3f\" data-element_type=\"column\" data-e-type=\"column\">\n\t\t\t<div class=\"elementor-widget-wrap elementor-element-populated\">\n\t\t\t\t\t\t<div class=\"elementor-element elementor-element-1469fe8 elementor-view-default elementor-widget elementor-widget-icon\" data-id=\"1469fe8\" data-element_type=\"widget\" data-e-type=\"widget\" data-widget_type=\"icon.default\">\n\t\t\t\t<div class=\"elementor-widget-container\">\n\t\t\t\t\t\t\t<div class=\"elementor-icon-wrapper\">\n\t\t\t<div class=\"elementor-icon\">\n\t\t\t<svg xmlns=\"http:\/\/www.w3.org\/2000\/svg\" xmlns:xlink=\"http:\/\/www.w3.org\/1999\/xlink\" fill=\"#240D00\" height=\"800px\" width=\"800px\" id=\"Layer_1\" viewbox=\"0 0 512 512\" xml:space=\"preserve\"><g id=\"SVGRepo_bgCarrier\" stroke-width=\"0\"><\/g><g id=\"SVGRepo_tracerCarrier\" stroke-linecap=\"round\" stroke-linejoin=\"round\"><\/g><g id=\"SVGRepo_iconCarrier\"> <g> <g> <path d=\"M453.085,182.226h-86.692v-61.493H162.984c-13.815-28.817-43.273-48.768-77.306-48.768C38.434,71.965,0,110.399,0,157.642 c0,34.034,19.95,63.492,48.768,77.306v98.739h23.155v60.115h60.954c-0.012,0.434-0.033,0.866-0.033,1.304 c0,24.775,20.155,44.929,44.929,44.929c24.775,0,44.929-20.155,44.929-44.929c0-0.437-0.02-0.869-0.033-1.304h155.218 c-0.012,0.434-0.033,0.866-0.033,1.304c0,24.775,20.155,44.929,44.929,44.929s44.929-20.155,44.929-44.929 c0-0.437-0.02-0.869-0.033-1.304h44.319V278.054H512L453.085,182.226z M77.122,212.236c-0.781-0.122-1.556-0.262-2.326-0.417 c-0.324-0.065-0.648-0.141-0.971-0.212c-0.487-0.106-0.973-0.217-1.455-0.337c-0.348-0.086-0.695-0.177-1.041-0.271 c-0.484-0.131-0.965-0.268-1.444-0.411c-0.304-0.091-0.609-0.18-0.913-0.276c-22.33-7.098-38.555-28.023-38.555-52.672 c0-30.471,24.79-55.26,55.26-55.26c24.655,0,45.585,16.234,52.679,38.572c0.09,0.285,0.173,0.572,0.26,0.858 c0.149,0.497,0.292,0.997,0.427,1.499c0.09,0.335,0.177,0.67,0.262,1.006c0.124,0.498,0.237,0.999,0.348,1.502 c0.068,0.31,0.141,0.62,0.204,0.932c0.156,0.777,0.297,1.557,0.42,2.345c0.038,0.241,0.065,0.484,0.099,0.725 c0.085,0.599,0.164,1.199,0.23,1.804c0.032,0.296,0.06,0.592,0.087,0.889c0.055,0.59,0.1,1.183,0.136,1.778 c0.016,0.262,0.033,0.522,0.046,0.784c0.04,0.852,0.065,1.706,0.065,2.566c0,25.71-17.648,47.374-41.466,53.517 c-4.411,1.138-9.033,1.743-13.794,1.743c-0.856,0-1.705-0.026-2.552-0.065c-0.275-0.012-0.55-0.031-0.824-0.049 c-0.58-0.035-1.158-0.079-1.733-0.132c-0.308-0.028-0.615-0.057-0.923-0.09c-0.587-0.064-1.17-0.141-1.752-0.223 C77.637,212.306,77.378,212.277,77.122,212.236z M79.185,243.074c0.443,0.033,0.888,0.049,1.332,0.076 c0.41,0.023,0.819,0.05,1.23,0.069c1.308,0.06,2.617,0.099,3.93,0.099c47.243,0,85.677-38.434,85.677-85.676 c0-1.318-0.041-2.632-0.1-3.945c-0.018-0.397-0.044-0.793-0.068-1.189c-0.027-0.452-0.043-0.906-0.077-1.358h164.865v31.076 v121.044H79.185V243.074z M177.772,409.618c-8.002,0-14.512-6.51-14.512-14.512c0-3.01,0.923-5.809,2.498-8.131 c0.285-0.42,0.593-0.818,0.917-1.201c0.144-0.17,0.298-0.331,0.449-0.495c0.214-0.232,0.433-0.458,0.66-0.675 c0.172-0.164,0.348-0.324,0.528-0.48c0.241-0.208,0.491-0.404,0.744-0.594c0.171-0.13,0.339-0.264,0.515-0.385 c0.424-0.291,0.858-0.563,1.309-0.806c0.109-0.06,0.227-0.106,0.339-0.163c0.372-0.189,0.75-0.366,1.139-0.522 c0.168-0.068,0.341-0.126,0.512-0.188c0.349-0.126,0.702-0.239,1.061-0.338c0.178-0.05,0.358-0.096,0.539-0.139 c0.378-0.088,0.763-0.158,1.149-0.216c0.162-0.024,0.322-0.056,0.487-0.074c0.55-0.064,1.105-0.103,1.667-0.103 c0.001,0,0.002,0,0.002,0c0.562,0,1.115,0.04,1.665,0.103c0.164,0.019,0.325,0.051,0.488,0.075 c0.386,0.058,0.769,0.127,1.147,0.215c0.182,0.043,0.362,0.09,0.541,0.14c0.358,0.098,0.712,0.212,1.06,0.338 c0.171,0.062,0.344,0.12,0.511,0.188c0.389,0.157,0.768,0.335,1.143,0.524c0.111,0.056,0.226,0.102,0.335,0.161 c0.451,0.244,0.887,0.517,1.311,0.808c0.175,0.121,0.341,0.253,0.51,0.382c0.255,0.193,0.507,0.389,0.749,0.599 c0.18,0.154,0.354,0.314,0.525,0.478c0.228,0.217,0.448,0.445,0.663,0.677c0.151,0.163,0.305,0.323,0.448,0.493 c0.32,0.381,0.627,0.777,0.91,1.193c1.579,2.323,2.504,5.124,2.504,8.138C192.286,403.107,185.775,409.618,177.772,409.618z M422.784,409.618c-8.003,0-14.512-6.51-14.512-14.512c0-3.045,0.947-5.87,2.555-8.206c0.269-0.389,0.554-0.763,0.855-1.12 c0.148-0.175,0.307-0.342,0.463-0.51c0.21-0.227,0.424-0.449,0.646-0.661c0.175-0.166,0.353-0.33,0.536-0.488 c0.238-0.206,0.486-0.398,0.735-0.587c0.173-0.131,0.343-0.268,0.522-0.39c0.423-0.29,0.857-0.562,1.307-0.805 c0.112-0.061,0.231-0.108,0.345-0.166c0.371-0.188,0.747-0.365,1.134-0.52c0.169-0.068,0.343-0.127,0.515-0.189 c0.348-0.125,0.7-0.238,1.058-0.337c0.179-0.05,0.36-0.097,0.542-0.14c0.378-0.088,0.761-0.157,1.147-0.215 c0.162-0.024,0.322-0.056,0.487-0.075c0.55-0.064,1.105-0.103,1.667-0.103s1.116,0.04,1.667,0.103 c0.163,0.019,0.323,0.05,0.485,0.074c0.387,0.058,0.772,0.128,1.151,0.216c0.18,0.043,0.36,0.089,0.538,0.139 c0.36,0.099,0.715,0.213,1.065,0.34c0.169,0.061,0.34,0.119,0.506,0.186c0.393,0.158,0.777,0.338,1.154,0.529 c0.107,0.055,0.219,0.099,0.323,0.156c0.453,0.244,0.89,0.518,1.315,0.81c0.172,0.119,0.336,0.25,0.503,0.376 c0.258,0.194,0.512,0.393,0.756,0.604c0.177,0.153,0.351,0.311,0.521,0.474c0.23,0.219,0.451,0.448,0.668,0.682 c0.149,0.162,0.302,0.32,0.445,0.489c0.321,0.381,0.628,0.778,0.911,1.195c1.579,2.323,2.503,5.123,2.503,8.138 C437.296,403.107,430.786,409.618,422.784,409.618z M454.606,363.384c-5.089-5.11-11.31-8.887-18.124-11.066 c-0.132-0.043-0.261-0.09-0.393-0.131c-0.454-0.141-0.915-0.265-1.374-0.391c-0.264-0.073-0.525-0.153-0.791-0.221 c-0.362-0.092-0.729-0.169-1.094-0.253c-0.364-0.083-0.724-0.173-1.091-0.247c-0.307-0.062-0.618-0.111-0.928-0.166 c-0.425-0.077-0.848-0.159-1.278-0.224c-0.299-0.046-0.602-0.076-0.902-0.115c-0.44-0.058-0.878-0.121-1.322-0.165 c-0.377-0.038-0.757-0.058-1.136-0.086c-0.37-0.027-0.738-0.065-1.11-0.083c-0.756-0.039-1.516-0.058-2.278-0.058 c-0.762,0-1.522,0.019-2.278,0.058c-0.368,0.018-0.731,0.055-1.097,0.082c-0.383,0.028-0.769,0.05-1.15,0.087 c-0.436,0.044-0.867,0.106-1.3,0.162c-0.308,0.041-0.62,0.072-0.926,0.118c-0.419,0.064-0.832,0.144-1.248,0.219 c-0.319,0.058-0.641,0.107-0.958,0.171c-0.355,0.072-0.704,0.159-1.055,0.239c-0.377,0.086-0.756,0.166-1.132,0.262 c-0.251,0.065-0.498,0.141-0.748,0.209c-0.474,0.13-0.949,0.259-1.417,0.404c-0.116,0.035-0.228,0.078-0.343,0.115 c-6.832,2.177-13.069,5.96-18.169,11.081H209.595c-5.098-5.119-11.332-8.901-18.161-11.078c-0.118-0.038-0.233-0.08-0.352-0.118 c-0.467-0.145-0.94-0.273-1.412-0.401c-0.251-0.069-0.5-0.146-0.753-0.211c-0.374-0.095-0.752-0.175-1.129-0.262 c-0.352-0.08-0.702-0.168-1.057-0.24c-0.317-0.065-0.64-0.115-0.959-0.171c-0.415-0.075-0.827-0.155-1.246-0.219 c-0.309-0.047-0.622-0.078-0.932-0.119c-0.431-0.056-0.86-0.118-1.294-0.161c-0.386-0.039-0.776-0.06-1.164-0.089 c-0.361-0.026-0.72-0.063-1.084-0.081c-0.756-0.039-1.516-0.058-2.278-0.058c-0.009,0-0.017,0.001-0.025,0.001 c-0.753,0-1.504,0.019-2.251,0.057c-0.387,0.019-0.771,0.057-1.156,0.086c-0.363,0.027-0.728,0.047-1.089,0.083 c-0.458,0.046-0.91,0.111-1.365,0.17c-0.286,0.037-0.575,0.067-0.86,0.109c-0.443,0.067-0.879,0.152-1.318,0.231 c-0.295,0.054-0.592,0.099-0.886,0.158c-0.381,0.077-0.756,0.17-1.135,0.258c-0.351,0.08-0.703,0.154-1.05,0.243 c-0.28,0.072-0.555,0.156-0.832,0.232c-0.445,0.123-0.892,0.243-1.333,0.379c-0.145,0.045-0.286,0.097-0.43,0.143 c-6.801,2.181-13.011,5.954-18.091,11.055h-43.612v-29.697h264.053V212.643h69.687l45.503,74.014v76.727H454.606z\"><\/path> <\/g> <\/g> <g> <g> <path d=\"M430.411,222.782h-53.879v72.26h98.304L430.411,222.782z M406.949,264.625v-11.426h6.457l7.024,11.426H406.949z\"><\/path> <\/g> <\/g> <g> <g> <polygon points=\"100.886,142.434 100.886,117.095 70.469,117.095 70.469,172.851 126.224,172.851 126.224,142.434 \"><\/polygon> <\/g> <\/g> <\/g><\/svg>\t\t\t<\/div>\n\t\t<\/div>\n\t\t\t\t\t\t<\/div>\n\t\t\t\t<\/div>\n\t\t\t\t<div class=\"elementor-element elementor-element-836a39c elementor-widget__width-initial elementor-widget-mobile__width-inherit elementor-widget elementor-widget-heading\" data-id=\"836a39c\" data-element_type=\"widget\" data-e-type=\"widget\" data-widget_type=\"heading.default\">\n\t\t\t\t<div class=\"elementor-widget-container\">\n\t\t\t\t\t<h1 class=\"elementor-heading-title elementor-size-default\">Livrare rapid\u0103<\/h1>\t\t\t\t<\/div>\n\t\t\t\t<\/div>\n\t\t\t\t<div class=\"elementor-element elementor-element-61dd228 elementor-widget elementor-widget-text-editor\" data-id=\"61dd228\" data-element_type=\"widget\" data-e-type=\"widget\" data-widget_type=\"text-editor.default\">\n\t\t\t\t<div class=\"elementor-widget-container\">\n\t\t\t\t\t\t\t\t\t<p>We guarantee that the ordered products will reach you as soon as possible!<\/p><p>You have a 14-day return policy if the ordered products do not meet your expectations!<\/p>\t\t\t\t\t\t\t\t<\/div>\n\t\t\t\t<\/div>\n\t\t\t\t\t<\/div>\n\t\t<\/div>\n\t\t\t\t<div class=\"elementor-column elementor-col-50 elementor-top-column elementor-element elementor-element-bdde2c1\" data-id=\"bdde2c1\" data-element_type=\"column\" data-e-type=\"column\">\n\t\t\t<div class=\"elementor-widget-wrap elementor-element-populated\">\n\t\t\t\t\t\t<div class=\"elementor-element elementor-element-5b6e1da elementor-widget__width-initial elementor-widget-mobile__width-inherit elementor-widget elementor-widget-heading\" data-id=\"5b6e1da\" data-element_type=\"widget\" data-e-type=\"widget\" data-widget_type=\"heading.default\">\n\t\t\t\t<div class=\"elementor-widget-container\">\n\t\t\t\t\t<h1 class=\"elementor-heading-title elementor-size-default\">Transport \u0219i montaj inclus<\/h1>\t\t\t\t<\/div>\n\t\t\t\t<\/div>\n\t\t\t\t<div class=\"elementor-element elementor-element-8756bb2 elementor-widget elementor-widget-text-editor\" data-id=\"8756bb2\" data-element_type=\"widget\" data-e-type=\"widget\" data-widget_type=\"text-editor.default\">\n\t\t\t\t<div class=\"elementor-widget-container\">\n\t\t\t\t\t\t\t\t\t<p>Ne ocup\u0103m de tot, de la livrare p\u00e2n\u0103 la instalare. \u00ce\u021bi aducem mobilierul \u00een siguran\u021b\u0103 \u0219i \u00eel mont\u0103m profesional, f\u0103r\u0103 costuri suplimentare, ca tu s\u0103 te bucuri imediat de rezultatul final.<\/p>\t\t\t\t\t\t\t\t<\/div>\n\t\t\t\t<\/div>\n\t\t\t\t\t<\/div>\n\t\t<\/div>\n\t\t\t\t\t<\/div>\n\t\t<\/section>\n\t\t<div class=\"elementor-element elementor-element-c42808c e-flex e-con-boxed e-con e-parent\" data-id=\"c42808c\" data-element_type=\"container\" data-e-type=\"container\">\n\t\t\t\t\t<div class=\"e-con-inner\">\n\t\t\t\t<div class=\"elementor-element elementor-element-13e7899 elementor-widget elementor-widget-heading\" data-id=\"13e7899\" data-element_type=\"widget\" data-e-type=\"widget\" data-widget_type=\"heading.default\">\n\t\t\t\t<div class=\"elementor-widget-container\">\n\t\t\t\t\t<h2 class=\"elementor-heading-title elementor-size-default\">Showroom<\/h2>\t\t\t\t<\/div>\n\t\t\t\t<\/div>\n\t\t\t\t<div class=\"elementor-element elementor-element-03603ec elementor-widget elementor-widget-heading\" data-id=\"03603ec\" data-element_type=\"widget\" data-e-type=\"widget\" data-widget_type=\"heading.default\">\n\t\t\t\t<div class=\"elementor-widget-container\">\n\t\t\t\t\t<h3 class=\"elementor-heading-title elementor-size-default\">Timisoara<\/h3>\t\t\t\t<\/div>\n\t\t\t\t<\/div>\n\t\t\t\t\t<\/div>\n\t\t\t\t<\/div>\n\t\t<div class=\"elementor-element elementor-element-6c01740 e-flex e-con-boxed e-con e-parent\" data-id=\"6c01740\" data-element_type=\"container\" data-e-type=\"container\">\n\t\t\t\t\t<div class=\"e-con-inner\">\n\t\t\t\t<div class=\"elementor-element elementor-element-f099c9c elementor-align-center elementor-icon-list--layout-traditional elementor-list-item-link-full_width elementor-widget elementor-widget-icon-list\" data-id=\"f099c9c\" data-element_type=\"widget\" data-e-type=\"widget\" data-widget_type=\"icon-list.default\">\n\t\t\t\t<div class=\"elementor-widget-container\">\n\t\t\t\t\t\t\t<ul class=\"elementor-icon-list-items\">\n\t\t\t\t\t\t\t<li class=\"elementor-icon-list-item\">\n\t\t\t\t\t\t\t\t\t\t\t<span class=\"elementor-icon-list-icon\">\n\t\t\t\t\t\t\t<i aria-hidden=\"true\" class=\"fas fa-map-marker-alt\"><\/i>\t\t\t\t\t\t<\/span>\n\t\t\t\t\t\t\t\t\t\t<span class=\"elementor-icon-list-text\">Str. Gheorghe Laz\u0103r, nr 9, Timi\u0219oara (Office 700) <\/span>\n\t\t\t\t\t\t\t\t\t<\/li>\n\t\t\t\t\t\t\t\t<li class=\"elementor-icon-list-item\">\n\t\t\t\t\t\t\t\t\t\t\t<span class=\"elementor-icon-list-icon\">\n\t\t\t\t\t\t\t<i aria-hidden=\"true\" class=\"fas fa-calendar-alt\"><\/i>\t\t\t\t\t\t<\/span>\n\t\t\t\t\t\t\t\t\t\t<span class=\"elementor-icon-list-text\">Luni - Vineri: 10:00 - 18:00<\/span>\n\t\t\t\t\t\t\t\t\t<\/li>\n\t\t\t\t\t\t\t\t<li class=\"elementor-icon-list-item\">\n\t\t\t\t\t\t\t\t\t\t\t<span class=\"elementor-icon-list-icon\">\n\t\t\t\t\t\t\t<i aria-hidden=\"true\" class=\"fas fa-phone-alt\"><\/i>\t\t\t\t\t\t<\/span>\n\t\t\t\t\t\t\t\t\t\t<span class=\"elementor-icon-list-text\">0770 274 532<\/span>\n\t\t\t\t\t\t\t\t\t<\/li>\n\t\t\t\t\t\t<\/ul>\n\t\t\t\t\t\t<\/div>\n\t\t\t\t<\/div>\n\t\t\t\t\t<\/div>\n\t\t\t\t<\/div>\n\t\t<div class=\"elementor-element elementor-element-7a5dea9 e-flex e-con-boxed e-con e-parent\" data-id=\"7a5dea9\" data-element_type=\"container\" data-e-type=\"container\">\n\t\t\t\t\t<div class=\"e-con-inner\">\n\t\t\t\t<div class=\"elementor-element elementor-element-7de82ed elementor-widget elementor-widget-google_maps\" data-id=\"7de82ed\" data-element_type=\"widget\" data-e-type=\"widget\" data-widget_type=\"google_maps.default\">\n\t\t\t\t<div class=\"elementor-widget-container\">\n\t\t\t\t\t\t\t<div class=\"elementor-custom-embed\">\n\t\t\t<iframe loading=\"lazy\"\n\t\t\t\t\tsrc=\"https:\/\/maps.google.com\/maps?q=Mobilauer%20Timi%C8%99oara&#038;t=m&#038;z=15&#038;output=embed&#038;iwloc=near\"\n\t\t\t\t\ttitle=\"Mobilauer Timi\u0219oara\"\n\t\t\t\t\taria-label=\"Mobilauer Timi\u0219oara\"\n\t\t\t><\/iframe>\n\t\t<\/div>\n\t\t\t\t\t\t<\/div>\n\t\t\t\t<\/div>\n\t\t\t\t\t<\/div>\n\t\t\t\t<\/div>\n\t\t\t\t<\/div>","protected":false},"excerpt":{"rendered":"<p>Despre noi Am conturat pentru voi un showroom online, menit s\u0103 v\u0103 creeze o experien\u021b\u0103 unic\u0103 de shopping, cu un ambient de vizionare al produselor, complex \u0219i integrat realistic. Elementele colec\u021biei noastre sunt create \u00eentr-o not\u0103 estetic\u0103, cu accent \u00eens\u0103, pe calitate. Produsele noastre sunt confec\u021bionate cu un aport sus\u021binut de materiale calitative, pot fi [&hellip;]<\/p>\n","protected":false},"author":1,"featured_media":0,"parent":0,"menu_order":2,"comment_status":"closed","ping_status":"closed","template":"page-full-width.php","meta":{"ngg_post_thumbnail":0,"footnotes":""},"class_list":["post-2000","page","type-page","status-publish","hentry"],"_links":{"self":[{"href":"https:\/\/mobilauer.ro\/en\/wp-json\/wp\/v2\/pages\/2000","targetHints":{"allow":["GET"]}}],"collection":[{"href":"https:\/\/mobilauer.ro\/en\/wp-json\/wp\/v2\/pages"}],"about":[{"href":"https:\/\/mobilauer.ro\/en\/wp-json\/wp\/v2\/types\/page"}],"author":[{"embeddable":true,"href":"https:\/\/mobilauer.ro\/en\/wp-json\/wp\/v2\/users\/1"}],"replies":[{"embeddable":true,"href":"https:\/\/mobilauer.ro\/en\/wp-json\/wp\/v2\/comments?post=2000"}],"version-history":[{"count":28,"href":"https:\/\/mobilauer.ro\/en\/wp-json\/wp\/v2\/pages\/2000\/revisions"}],"predecessor-version":[{"id":15505,"href":"https:\/\/mobilauer.ro\/en\/wp-json\/wp\/v2\/pages\/2000\/revisions\/15505"}],"wp:attachment":[{"href":"https:\/\/mobilauer.ro\/en\/wp-json\/wp\/v2\/media?parent=2000"}],"curies":[{"name":"wp","href":"https:\/\/api.w.org\/{rel}","templated":true}]}}