{"id":17340,"date":"2026-05-12T13:37:10","date_gmt":"2026-05-12T10:37:10","guid":{"rendered":"https:\/\/mobilauer.ro\/?post_type=product&#038;p=17340"},"modified":"2026-05-13T11:28:15","modified_gmt":"2026-05-13T08:28:15","slug":"set-dining-roma-masa-8-scaune-klara","status":"publish","type":"product","link":"https:\/\/mobilauer.ro\/en\/produse\/set-dining-roma-masa-8-scaune-klara\/","title":{"rendered":"Set Dining Klara \u2013 Mas\u0103 Klara  + 8 Scaune Klara"},"content":{"rendered":"<p data-start=\"43\" data-end=\"356\">Cu un design elegant, materiale atent alese \u0219i o prezen\u021b\u0103 impun\u0103toare, setul Verona transform\u0103 orice zon\u0103 de dining \u00eentr-un spa\u021biu sofisticat \u0219i primitor. Blatul masiv cu finisaj natural, baza modern\u0103 a mesei \u0219i scaunele tapi\u021bate cu forme confortabile ofer\u0103 echilibrul perfect \u00eentre estetic\u0103 \u0219i func\u021bionalitate.<\/p>\n<p data-start=\"358\" data-end=\"680\">\u2714 Set complet format din mas\u0103 + 8 scaune Klara\u00a0<br data-start=\"398\" data-end=\"401\" \/>\u2714 Design modern cu accente elegante din lemn<br data-start=\"445\" data-end=\"448\" \/>\u2714 Scaune confortabile, tapi\u021bate cu material pl\u0103cut la atingere<br data-start=\"510\" data-end=\"513\" \/>\u2714 Ideal pentru dininguri spa\u021bioase \u0219i interioare contemporane<br data-start=\"574\" data-end=\"577\" \/>\u2714 Finisaje premium \u0219i aten\u021bie la detalii<br data-start=\"617\" data-end=\"620\" \/>\u2714 Se poate personaliza la comand\u0103 \u00een func\u021bie de preferin\u021be<\/p>\n<p data-start=\"358\" data-end=\"680\"><strong>Dimensiuni Masa: <em>205\/100\/76<\/em><\/strong><\/p>\n<p data-start=\"682\" data-end=\"736\">\ud83d\ude9a <strong>Transport \u0219i montaj incluse<\/strong><br data-start=\"712\" data-end=\"715\" \/><strong>\ud83d\udee1 Garan\u021bie 12 luni<\/strong><\/p>","protected":false},"excerpt":{"rendered":"<p>Cu un design elegant, materiale atent alese \u0219i o prezen\u021b\u0103 impun\u0103toare, setul Verona transform\u0103 orice zon\u0103 de dining \u00eentr-un spa\u021biu sofisticat \u0219i primitor. Blatul masiv cu finisaj natural, baza modern\u0103 a mesei \u0219i scaunele tapi\u021bate cu forme confortabile ofer\u0103 echilibrul perfect \u00eentre estetic\u0103 \u0219i func\u021bionalitate. \u2714 Set complet format din mas\u0103 + 8 scaune Klara\u00a0\u2714 [&hellip;]<\/p>\n","protected":false},"featured_media":17341,"comment_status":"open","ping_status":"closed","template":"","meta":{"ngg_post_thumbnail":0},"product_brand":[],"product_cat":[95],"product_tag":[],"class_list":{"0":"post-17340","1":"product","2":"type-product","3":"status-publish","4":"has-post-thumbnail","6":"product_cat-seturi-mese","8":"first","9":"instock","10":"shipping-taxable","11":"purchasable","12":"product-type-simple"},"_links":{"self":[{"href":"https:\/\/mobilauer.ro\/en\/wp-json\/wp\/v2\/product\/17340","targetHints":{"allow":["GET"]}}],"collection":[{"href":"https:\/\/mobilauer.ro\/en\/wp-json\/wp\/v2\/product"}],"about":[{"href":"https:\/\/mobilauer.ro\/en\/wp-json\/wp\/v2\/types\/product"}],"replies":[{"embeddable":true,"href":"https:\/\/mobilauer.ro\/en\/wp-json\/wp\/v2\/comments?post=17340"}],"version-history":[{"count":5,"href":"https:\/\/mobilauer.ro\/en\/wp-json\/wp\/v2\/product\/17340\/revisions"}],"predecessor-version":[{"id":17424,"href":"https:\/\/mobilauer.ro\/en\/wp-json\/wp\/v2\/product\/17340\/revisions\/17424"}],"wp:featuredmedia":[{"embeddable":true,"href":"https:\/\/mobilauer.ro\/en\/wp-json\/wp\/v2\/media\/17341"}],"wp:attachment":[{"href":"https:\/\/mobilauer.ro\/en\/wp-json\/wp\/v2\/media?parent=17340"}],"wp:term":[{"taxonomy":"product_brand","embeddable":true,"href":"https:\/\/mobilauer.ro\/en\/wp-json\/wp\/v2\/product_brand?post=17340"},{"taxonomy":"product_cat","embeddable":true,"href":"https:\/\/mobilauer.ro\/en\/wp-json\/wp\/v2\/product_cat?post=17340"},{"taxonomy":"product_tag","embeddable":true,"href":"https:\/\/mobilauer.ro\/en\/wp-json\/wp\/v2\/product_tag?post=17340"}],"curies":[{"name":"wp","href":"https:\/\/api.w.org\/{rel}","templated":true}]}}