{"id":17428,"date":"2026-05-13T12:11:34","date_gmt":"2026-05-13T09:11:34","guid":{"rendered":"https:\/\/mobilauer.ro\/?post_type=product&#038;p=17428"},"modified":"2026-05-13T22:10:16","modified_gmt":"2026-05-13T19:10:16","slug":"set-masa-mona-masa-mona-6-scaune-tokyo","status":"publish","type":"product","link":"https:\/\/mobilauer.ro\/en\/produse\/set-masa-mona-masa-mona-6-scaune-tokyo\/","title":{"rendered":"Set Mona &#8211; Masa Mona extensibila + 6 scaune Tokyo"},"content":{"rendered":"<p data-start=\"0\" data-end=\"31\"><strong data-start=\"0\" data-end=\"29\">Set Mas\u0103 Mona extensibila &nbsp;+ 6 Scaune Tokyo<\/strong><\/p>\n<p data-start=\"33\" data-end=\"329\">Elegant, modern \u0219i extrem de versatil, setul Mona \u00eempreun\u0103 cu scaunele Tokyo transform\u0103 orice dining \u00eentr-un spa\u021biu rafinat \u0219i primitor. Combina\u021bia dintre blatul cu aspect marmorat, structura modern\u0103 \u0219i scaunele confortabile creeaz\u0103 un echilibru perfect \u00eentre design premium \u0219i func\u021bionalitate.<\/p>\n<p data-start=\"331\" data-end=\"725\">\u2714 Mas\u0103 extensibil\u0103 ideal\u0103 pentru mesele \u00een familie sau momentele speciale<br data-start=\"404\" data-end=\"407\">\u2714 Dimensiune mas\u0103: <strong>190 \u00d7 103 cm<\/strong><br data-start=\"438\" data-end=\"441\">\u2714 Cu extensie ajunge la: <strong>250 \u00d7 103 cm<\/strong><br data-start=\"478\" data-end=\"481\">\u2714 6 scaune Tokyo confortabile \u0219i elegante incluse<br data-start=\"530\" data-end=\"533\">\u2714 Design modern cu finisaje premium \u0219i accente contemporane<br data-start=\"592\" data-end=\"595\">\u2714 Materiale rezistente \u0219i u\u0219or de \u00eentre\u021binut<br data-start=\"639\" data-end=\"642\">\u2714 Se poate integra perfect at\u00e2t \u00een dininguri moderne, c\u00e2t \u0219i \u00een spa\u021bii open-space<\/p>\n<p data-start=\"727\" data-end=\"781\">\ud83d\ude9a <strong>Transport \u0219i montaj incluse<\/strong><br data-start=\"757\" data-end=\"760\"><strong>\ud83d\udee1 Garan\u021bie 12 luni<\/strong><\/p>","protected":false},"excerpt":{"rendered":"<p>Set Mas\u0103 Mona extensibila &nbsp;+ 6 Scaune Tokyo Elegant, modern \u0219i extrem de versatil, setul Mona \u00eempreun\u0103 cu scaunele Tokyo transform\u0103 orice dining \u00eentr-un spa\u021biu rafinat \u0219i primitor. Combina\u021bia dintre blatul cu aspect marmorat, structura modern\u0103 \u0219i scaunele confortabile creeaz\u0103 un echilibru perfect \u00eentre design premium \u0219i func\u021bionalitate. \u2714 Mas\u0103 extensibil\u0103 ideal\u0103 pentru mesele \u00een [&hellip;]<\/p>\n","protected":false},"featured_media":17432,"comment_status":"open","ping_status":"closed","template":"","meta":{"ngg_post_thumbnail":0},"product_brand":[],"product_cat":[95],"product_tag":[],"class_list":{"0":"post-17428","1":"product","2":"type-product","3":"status-publish","4":"has-post-thumbnail","6":"product_cat-seturi-mese","8":"first","9":"instock","10":"sale","11":"shipping-taxable","12":"purchasable","13":"product-type-simple"},"_links":{"self":[{"href":"https:\/\/mobilauer.ro\/en\/wp-json\/wp\/v2\/product\/17428","targetHints":{"allow":["GET"]}}],"collection":[{"href":"https:\/\/mobilauer.ro\/en\/wp-json\/wp\/v2\/product"}],"about":[{"href":"https:\/\/mobilauer.ro\/en\/wp-json\/wp\/v2\/types\/product"}],"replies":[{"embeddable":true,"href":"https:\/\/mobilauer.ro\/en\/wp-json\/wp\/v2\/comments?post=17428"}],"version-history":[{"count":2,"href":"https:\/\/mobilauer.ro\/en\/wp-json\/wp\/v2\/product\/17428\/revisions"}],"predecessor-version":[{"id":17529,"href":"https:\/\/mobilauer.ro\/en\/wp-json\/wp\/v2\/product\/17428\/revisions\/17529"}],"wp:featuredmedia":[{"embeddable":true,"href":"https:\/\/mobilauer.ro\/en\/wp-json\/wp\/v2\/media\/17432"}],"wp:attachment":[{"href":"https:\/\/mobilauer.ro\/en\/wp-json\/wp\/v2\/media?parent=17428"}],"wp:term":[{"taxonomy":"product_brand","embeddable":true,"href":"https:\/\/mobilauer.ro\/en\/wp-json\/wp\/v2\/product_brand?post=17428"},{"taxonomy":"product_cat","embeddable":true,"href":"https:\/\/mobilauer.ro\/en\/wp-json\/wp\/v2\/product_cat?post=17428"},{"taxonomy":"product_tag","embeddable":true,"href":"https:\/\/mobilauer.ro\/en\/wp-json\/wp\/v2\/product_tag?post=17428"}],"curies":[{"name":"wp","href":"https:\/\/api.w.org\/{rel}","templated":true}]}}