{"id":6853,"date":"2023-09-06T09:49:18","date_gmt":"2023-09-06T06:49:18","guid":{"rendered":"https:\/\/cdn.mobilauer.ro\/?post_type=product&#038;p=6853"},"modified":"2026-05-02T17:11:39","modified_gmt":"2026-05-02T14:11:39","slug":"ares-masa-mdf-6-p","status":"publish","type":"product","link":"https:\/\/mobilauer.ro\/en\/produse\/ares-masa-mdf-6-p\/","title":{"rendered":"Masa Ares &#8211; Masa 6 persoane MDF"},"content":{"rendered":"<p>&nbsp;<\/p>\n<table width=\"1791\">\n<tbody>\n<tr>\n<td width=\"1791\">Ares Masa MDF<br \/>\nTable size: 160 cm long, 90 cm wide, 77 cm high<br \/>\nMaterial mas\u0103 : MDF vopsit lucios poliuretanic\u00a0Masa ARES este realizat\u0103 cu g\u00e2ndul de a oferi o experien\u021b\u0103 aparte. Dorin\u021ba noastr\u0103 este de a modela perfect formele \u0219i culorile, \u00een a\u0219a fel \u00eenc\u00e2t, produsul nostru final s\u0103 pun\u0103 un z\u00e2mbet pe buze at\u00e2t \u021bie, c\u00e2t \u0219i familiei tale, atunci c\u00e2nd lua\u021bi masa \u00eempreun\u0103.<br \/>\nProcedura unei comenzi const\u0103 \u00een:Alegerea produselor pe care le iubi\u021bi, cu ajutorul recomand\u0103rilor consultan\u021bilor no\u0219tri<br \/>\nChoosing the configuration - table size, chair materials and colors<br \/>\nFormulation of the offer and the time frame for the order<br \/>\nPayment on delivery once we are sure that your needs and requirements have been met<br \/>\nPayment on delivery after we are sure that your needs and claims have been met<br \/>\nTo get in touch with us, please contact us by phone or Whatsapp on 0770 274 532.<\/p>\n<p>Domestic transport is chargeable. Discounts and special offers are available for larger orders.<\/td>\n<\/tr>\n<\/tbody>\n<\/table>","protected":false},"excerpt":{"rendered":"<p>Table dimensions for 6 people: 160\/90.<br \/>\nTable dimensions for 8 people: 220\/100.<br \/>\nTable dimensions for 10 people: 240\/100.<br \/>\nTable dimensions for 12 people: 280\/100.<\/p>","protected":false},"featured_media":16534,"comment_status":"open","ping_status":"closed","template":"","meta":{"ngg_post_thumbnail":0},"product_brand":[],"product_cat":[15,91],"product_tag":[],"class_list":{"0":"post-6853","1":"product","2":"type-product","3":"status-publish","4":"has-post-thumbnail","6":"product_cat-mobilauer","7":"product_cat-mese","9":"first","10":"instock","11":"shipping-taxable","12":"purchasable","13":"product-type-variable","14":"wvs-archive-product-wrapper"},"_links":{"self":[{"href":"https:\/\/mobilauer.ro\/en\/wp-json\/wp\/v2\/product\/6853","targetHints":{"allow":["GET"]}}],"collection":[{"href":"https:\/\/mobilauer.ro\/en\/wp-json\/wp\/v2\/product"}],"about":[{"href":"https:\/\/mobilauer.ro\/en\/wp-json\/wp\/v2\/types\/product"}],"replies":[{"embeddable":true,"href":"https:\/\/mobilauer.ro\/en\/wp-json\/wp\/v2\/comments?post=6853"}],"version-history":[{"count":2,"href":"https:\/\/mobilauer.ro\/en\/wp-json\/wp\/v2\/product\/6853\/revisions"}],"predecessor-version":[{"id":16931,"href":"https:\/\/mobilauer.ro\/en\/wp-json\/wp\/v2\/product\/6853\/revisions\/16931"}],"wp:featuredmedia":[{"embeddable":true,"href":"https:\/\/mobilauer.ro\/en\/wp-json\/wp\/v2\/media\/16534"}],"wp:attachment":[{"href":"https:\/\/mobilauer.ro\/en\/wp-json\/wp\/v2\/media?parent=6853"}],"wp:term":[{"taxonomy":"product_brand","embeddable":true,"href":"https:\/\/mobilauer.ro\/en\/wp-json\/wp\/v2\/product_brand?post=6853"},{"taxonomy":"product_cat","embeddable":true,"href":"https:\/\/mobilauer.ro\/en\/wp-json\/wp\/v2\/product_cat?post=6853"},{"taxonomy":"product_tag","embeddable":true,"href":"https:\/\/mobilauer.ro\/en\/wp-json\/wp\/v2\/product_tag?post=6853"}],"curies":[{"name":"wp","href":"https:\/\/api.w.org\/{rel}","templated":true}]}}