{"id":7946,"date":"2023-09-18T12:26:27","date_gmt":"2023-09-18T09:26:27","guid":{"rendered":"https:\/\/cdn.mobilauer.ro\/?post_type=product&#038;p=7946"},"modified":"2026-04-08T23:00:07","modified_gmt":"2026-04-08T20:00:07","slug":"set-canapele-chesterfield-3-2-1","status":"publish","type":"product","link":"https:\/\/mobilauer.ro\/en\/produse\/set-canapele-chesterfield-3-2-1\/","title":{"rendered":"Set Canapele Chesterfield 3-2-1"},"content":{"rendered":"<p>A symbol of eternity, made possible by the refinement of the sofas and the timeless design. Precisely placed buttons make the sofas stand out. Ideal for spacious rooms. The seat is made of 28 kg\/mc sponge and the structure is built out of beech wood.<\/p>\n<p>Set<strong>&nbsp;Chesterfield&nbsp;<\/strong>The LOGA set is part of our luxury product range, thanks to the perfect finish and materials used, it is the ideal solution for lovers of classic design with high expectations.<\/p>\n<p>Upholstery is available in velvet, eco-leather and class A fabric. Inserts with Swarovski type stones or buttons.<\/p>\n<p><strong>&nbsp;<\/strong>Termenul de livrare pentru un set este de 14-21 zile cu garan\u021bie de retur.<\/p>\n<p>*products may differ +\/-1% from presentation<\/p>\n<p>The Chesterfield set is a modern and very elegant set from the MOBILAUER furniture range.<\/p>\n<p><strong>DIMENSIONS:<\/strong><\/p>\n<p><strong>3L sofa<\/strong>&nbsp;\u2013 225 cm x 80 cm x 100 cm extendable, bed size 188x152 cm<\/p>\n<p><strong>Sofa 2L - 220 cm x 95 cm x 115 cm&nbsp;<\/strong>\u2013 180 cm x 80 cm x 100 cm<\/p>\n<p><strong>Armchair<\/strong>&nbsp;\u2013 120 cm x 80 cm x 100 cm<\/p>\n<p><span class=\"Y2IQFc\" lang=\"ro\">* Possibility to choose color and material<\/span><\/p>\n<p><span class=\"Y2IQFc\" lang=\"ro\">* This is a piece of the future, the sleek design and great functionality that it offers makes this set irresistible.<\/span><\/p>\n<p><span class=\"Y2IQFc\" lang=\"ro\">*Transport \u0219i montaj inclus \u00een toat\u0103 Rom\u00e2nia!<\/span><\/p>\n<p>Garantie 12 luni!<\/p>\n<pre class=\"tw-data-text tw-text-large tw-ta\" dir=\"ltr\" data-placeholder=\"Traducere\">&nbsp;<\/pre>","protected":false},"excerpt":{"rendered":"<p>The Chesterfield set is a modern and very elegant set from the MOBILAUER furniture range.<\/p>\n<p><strong>DIMENSIONS:<\/strong><\/p>\n<p><strong>3L sofa<\/strong>&nbsp;\u2013 225 cm x 80 cm x 100 cm extendable, bed size 188x152 cm<\/p>\n<p><strong>Sofa 2L - 220 cm x 95 cm x 115 cm&nbsp;<\/strong>\u2013 180 cm x 80 cm x 100 cm<\/p>\n<p><strong>Armchair<\/strong>&nbsp;\u2013 120 cm x 80 cm x 100 cm<\/p>\n<p><span class=\"Y2IQFc\" lang=\"ro\">* Possibility to choose color and material<\/span><\/p>\n<p><span class=\"Y2IQFc\" lang=\"ro\">* This is a piece of the future, the sleek design and great functionality that it offers makes this set irresistible.<\/span><\/p>\n<p><span class=\"Y2IQFc\" lang=\"ro\">*Transport \u0219i montaj inclus \u00een toat\u0103 Rom\u00e2nia!<\/span><\/p>\n<p>Garantie 12 luni!<\/p>\n<pre class=\"tw-data-text tw-text-large tw-ta\" dir=\"ltr\" data-placeholder=\"Traducere\">&nbsp;<\/pre>","protected":false},"featured_media":15712,"comment_status":"open","ping_status":"closed","template":"","meta":{"ngg_post_thumbnail":0},"product_brand":[],"product_cat":[15,87],"product_tag":[92],"class_list":{"0":"post-7946","1":"product","2":"type-product","3":"status-publish","4":"has-post-thumbnail","6":"product_cat-mobilauer","7":"product_cat-seturi-canapele","8":"product_tag-sale","10":"first","11":"onbackorder","12":"sale","13":"shipping-taxable","14":"purchasable","15":"product-type-simple"},"_links":{"self":[{"href":"https:\/\/mobilauer.ro\/en\/wp-json\/wp\/v2\/product\/7946","targetHints":{"allow":["GET"]}}],"collection":[{"href":"https:\/\/mobilauer.ro\/en\/wp-json\/wp\/v2\/product"}],"about":[{"href":"https:\/\/mobilauer.ro\/en\/wp-json\/wp\/v2\/types\/product"}],"replies":[{"embeddable":true,"href":"https:\/\/mobilauer.ro\/en\/wp-json\/wp\/v2\/comments?post=7946"}],"version-history":[{"count":2,"href":"https:\/\/mobilauer.ro\/en\/wp-json\/wp\/v2\/product\/7946\/revisions"}],"predecessor-version":[{"id":15713,"href":"https:\/\/mobilauer.ro\/en\/wp-json\/wp\/v2\/product\/7946\/revisions\/15713"}],"wp:featuredmedia":[{"embeddable":true,"href":"https:\/\/mobilauer.ro\/en\/wp-json\/wp\/v2\/media\/15712"}],"wp:attachment":[{"href":"https:\/\/mobilauer.ro\/en\/wp-json\/wp\/v2\/media?parent=7946"}],"wp:term":[{"taxonomy":"product_brand","embeddable":true,"href":"https:\/\/mobilauer.ro\/en\/wp-json\/wp\/v2\/product_brand?post=7946"},{"taxonomy":"product_cat","embeddable":true,"href":"https:\/\/mobilauer.ro\/en\/wp-json\/wp\/v2\/product_cat?post=7946"},{"taxonomy":"product_tag","embeddable":true,"href":"https:\/\/mobilauer.ro\/en\/wp-json\/wp\/v2\/product_tag?post=7946"}],"curies":[{"name":"wp","href":"https:\/\/api.w.org\/{rel}","templated":true}]}}