{"id":7949,"date":"2023-09-18T12:27:33","date_gmt":"2023-09-18T09:27:33","guid":{"rendered":"https:\/\/cdn.mobilauer.ro\/?post_type=product&#038;p=7949"},"modified":"2026-04-07T22:27:14","modified_gmt":"2026-04-07T19:27:14","slug":"set-canapele-cora","status":"publish","type":"product","link":"https:\/\/mobilauer.ro\/en\/produse\/set-canapele-cora\/","title":{"rendered":"CORA SOFA SET"},"content":{"rendered":"<p>A model that bears both strength and elegance. With an intriguing design and straightforward lines, it's a real refreshment among the standard models of the range. The padding is filled with silicone, making it especially comfortable. The seat is made of 28 kg\/mc sponge and the structure is built from beech wood.<\/p>\n<p>Set <b>Cora<\/b> The LOGA set is part of our luxury product range, thanks to the perfect finish and materials used, it is the ideal solution for lovers of classic design with high expectations.<\/p>\n<p>Termenul de livrare pentru un set este de <b>14-21 <\/b>zile cu garan\u021bie de retur.<\/p>\n<p>*products may differ +\/-1% from presentation<\/p>\n<p>Cora is a modern and very elegant set from the MOBILAUER furniture range.<\/p>\n<p><b>Dimensiuni<\/b>:<\/p>\n<p>Sofa 3L \u2013 232 cm x 103 cm x 100 cm, extendable, bed size 188x152 cm<\/p>\n<p>2L sofa \u2013 176 cm x 103 cm x 100 cm<\/p>\n<p>Armchair \u2013 131 cm x 103 cm x 100 cm<\/p>\n<p>* Possibility to choose color and material<\/p>\n<p>* This is a piece of the future, the sleek design and great functionality that it offers makes this set irresistible.<\/p>\n<p><b><u><i>*Transport \u0219i montaj inclus \u00een toat\u0103 Rom\u00e2nia!<\/i><\/u><\/b><\/p>","protected":false},"excerpt":{"rendered":"<p>Cora is a modern and very elegant set from the MOBILAUER furniture range.<\/p>\n<p>DIMENSIONS:<\/p>\n<p>Sofa 3L \u2013 232 cm x 103 cm x 100 cm, extendable, bed size 188x152 cm<\/p>\n<p>2L sofa \u2013 176 cm x 103 cm x 100 cm<\/p>\n<p>Armchair \u2013 131 cm x 103 cm x 100 cm<\/p>\n<p>* Possibility to choose color and material<\/p>\n<p>* This is a piece of the future, the sleek design and great functionality that it offers makes this set irresistible.<\/p>\n<p>* Transport for a fee throughout the country!<\/p>","protected":false},"featured_media":15659,"comment_status":"open","ping_status":"closed","template":"","meta":{"ngg_post_thumbnail":0},"product_brand":[],"product_cat":[15,87],"product_tag":[92],"class_list":{"0":"post-7949","1":"product","2":"type-product","3":"status-publish","4":"has-post-thumbnail","6":"product_cat-mobilauer","7":"product_cat-seturi-canapele","8":"product_tag-sale","10":"first","11":"onbackorder","12":"sale","13":"shipping-taxable","14":"purchasable","15":"product-type-simple"},"_links":{"self":[{"href":"https:\/\/mobilauer.ro\/en\/wp-json\/wp\/v2\/product\/7949","targetHints":{"allow":["GET"]}}],"collection":[{"href":"https:\/\/mobilauer.ro\/en\/wp-json\/wp\/v2\/product"}],"about":[{"href":"https:\/\/mobilauer.ro\/en\/wp-json\/wp\/v2\/types\/product"}],"replies":[{"embeddable":true,"href":"https:\/\/mobilauer.ro\/en\/wp-json\/wp\/v2\/comments?post=7949"}],"version-history":[{"count":2,"href":"https:\/\/mobilauer.ro\/en\/wp-json\/wp\/v2\/product\/7949\/revisions"}],"predecessor-version":[{"id":15666,"href":"https:\/\/mobilauer.ro\/en\/wp-json\/wp\/v2\/product\/7949\/revisions\/15666"}],"wp:featuredmedia":[{"embeddable":true,"href":"https:\/\/mobilauer.ro\/en\/wp-json\/wp\/v2\/media\/15659"}],"wp:attachment":[{"href":"https:\/\/mobilauer.ro\/en\/wp-json\/wp\/v2\/media?parent=7949"}],"wp:term":[{"taxonomy":"product_brand","embeddable":true,"href":"https:\/\/mobilauer.ro\/en\/wp-json\/wp\/v2\/product_brand?post=7949"},{"taxonomy":"product_cat","embeddable":true,"href":"https:\/\/mobilauer.ro\/en\/wp-json\/wp\/v2\/product_cat?post=7949"},{"taxonomy":"product_tag","embeddable":true,"href":"https:\/\/mobilauer.ro\/en\/wp-json\/wp\/v2\/product_tag?post=7949"}],"curies":[{"name":"wp","href":"https:\/\/api.w.org\/{rel}","templated":true}]}}