{"id":7953,"date":"2023-09-18T12:29:56","date_gmt":"2023-09-18T09:29:56","guid":{"rendered":"https:\/\/cdn.mobilauer.ro\/?post_type=product&#038;p=7953"},"modified":"2026-04-07T22:22:51","modified_gmt":"2026-04-07T19:22:51","slug":"set-canapele-tesla","status":"publish","type":"product","link":"https:\/\/mobilauer.ro\/en\/produse\/set-canapele-tesla\/","title":{"rendered":"Set Canapele Tesla"},"content":{"rendered":"<p>Set consisting of 2 sofas for up to 3 people and an armchair. One of our favourite designs, due to the exquisite sofas and solid wood inserts. Precisely placed buttons make the sofas stand out. Ideal for spacious rooms. The seat is manufactured out of 28 kg\/mc sponge and the frame is made of beech wood.<\/p>\n<p>Set<strong> Tesla <\/strong>The LOGA set is part of our luxury product range, thanks to the perfect finish and materials used, it is the ideal solution for lovers of classic design with high expectations.<\/p>\n<p>Upholstery is available in velvet, eco-leather and class A fabric. Inserts with Swarovski type stones or buttons.<\/p>\n<p><strong>&nbsp;<\/strong>Termenul de livrare pentru un set este de <b>14-21<\/b> zile cu garan\u021bie de retur.<\/p>\n<p>*products may differ +\/-1% from presentation<\/p>\n<p><span class=\"Y2IQFc\" lang=\"ro\">The Exotic set is a modern and ultra stylish set from the MOBILAUER furniture range.<\/span><\/p>\n<div class=\"woocommerce-product-details__short-description\">\n<p><strong>DIMENSIONS:<\/strong><\/p>\n<p><strong>3L sofa<\/strong>&nbsp;\u2013 240 cm x 100 cm x 80 cm<\/p>\n<p><strong>Armchair<\/strong>&nbsp;\u2013 85 cm x 90 cm x 90 cm<\/p>\n<p><span class=\"Y2IQFc\" lang=\"ro\">* Possibility to choose color and material<\/span><\/p>\n<p><span class=\"Y2IQFc\" lang=\"ro\">* This is a piece of the future, the sleek design and great functionality that it offers makes this set irresistible.<\/span><\/p>\n<p style=\"text-align: center;\"><span class=\"Y2IQFc\" lang=\"ro\"><b><i><u>*Transport \u0219i montaj inclus \u00een toat\u0103 Rom\u00e2nia!<\/u><\/i><\/b><\/span><\/p>\n<\/div>","protected":false},"excerpt":{"rendered":"<p><span class=\"Y2IQFc\" lang=\"ro\">The Exotic set is a modern and ultra stylish set from the MOBILAUER furniture range.<\/span><\/p>\n<div class=\"woocommerce-product-details__short-description\">\n<p><strong>DIMENSIONS:<\/strong><\/p>\n<p><strong>3L sofa<\/strong>&nbsp;\u2013 240 cm x 100 cm x 80 cm<\/p>\n<p><strong>Armchair<\/strong>&nbsp;\u2013 85 cm x 90 cm x 90 cm<\/p>\n<p><span class=\"Y2IQFc\" lang=\"ro\">* Possibility to choose color and material<\/span><\/p>\n<p><span class=\"Y2IQFc\" lang=\"ro\">* This is a piece of the future, the sleek design and great functionality that it offers makes this set irresistible.<\/span><\/p>\n<p><span class=\"Y2IQFc\" lang=\"ro\">* Transport for a fee throughout the country!<\/span><\/p>\n<\/div>","protected":false},"featured_media":15650,"comment_status":"open","ping_status":"closed","template":"","meta":{"ngg_post_thumbnail":0},"product_brand":[],"product_cat":[15,87],"product_tag":[92],"class_list":{"0":"post-7953","1":"product","2":"type-product","3":"status-publish","4":"has-post-thumbnail","6":"product_cat-mobilauer","7":"product_cat-seturi-canapele","8":"product_tag-sale","10":"first","11":"onbackorder","12":"sale","13":"shipping-taxable","14":"purchasable","15":"product-type-simple"},"_links":{"self":[{"href":"https:\/\/mobilauer.ro\/en\/wp-json\/wp\/v2\/product\/7953","targetHints":{"allow":["GET"]}}],"collection":[{"href":"https:\/\/mobilauer.ro\/en\/wp-json\/wp\/v2\/product"}],"about":[{"href":"https:\/\/mobilauer.ro\/en\/wp-json\/wp\/v2\/types\/product"}],"replies":[{"embeddable":true,"href":"https:\/\/mobilauer.ro\/en\/wp-json\/wp\/v2\/comments?post=7953"}],"version-history":[{"count":3,"href":"https:\/\/mobilauer.ro\/en\/wp-json\/wp\/v2\/product\/7953\/revisions"}],"predecessor-version":[{"id":15657,"href":"https:\/\/mobilauer.ro\/en\/wp-json\/wp\/v2\/product\/7953\/revisions\/15657"}],"wp:featuredmedia":[{"embeddable":true,"href":"https:\/\/mobilauer.ro\/en\/wp-json\/wp\/v2\/media\/15650"}],"wp:attachment":[{"href":"https:\/\/mobilauer.ro\/en\/wp-json\/wp\/v2\/media?parent=7953"}],"wp:term":[{"taxonomy":"product_brand","embeddable":true,"href":"https:\/\/mobilauer.ro\/en\/wp-json\/wp\/v2\/product_brand?post=7953"},{"taxonomy":"product_cat","embeddable":true,"href":"https:\/\/mobilauer.ro\/en\/wp-json\/wp\/v2\/product_cat?post=7953"},{"taxonomy":"product_tag","embeddable":true,"href":"https:\/\/mobilauer.ro\/en\/wp-json\/wp\/v2\/product_tag?post=7953"}],"curies":[{"name":"wp","href":"https:\/\/api.w.org\/{rel}","templated":true}]}}