{"id":7968,"date":"2023-09-18T12:38:36","date_gmt":"2023-09-18T09:38:36","guid":{"rendered":"https:\/\/cdn.mobilauer.ro\/?post_type=product&#038;p=7968"},"modified":"2026-04-07T21:31:27","modified_gmt":"2026-04-07T18:31:27","slug":"set-canapele-president-3-2-1","status":"publish","type":"product","link":"https:\/\/mobilauer.ro\/en\/produse\/set-canapele-president-3-2-1\/","title":{"rendered":"Set Canapele President 3-2-1"},"content":{"rendered":"<p>Setul de living 3\/2\/1 \u201ePRESIDENT\u201d este un set compus dintr-o canapea de 3 persoane extensibil\u0103, o canapea pentru 2 persoane si un fotoliu. Acesta are posibilitatea de a g\u0103zdui \u00eentreaga familie \u0219i de a v\u0103 oferi un aspect c\u00e2t mai pl\u0103cut \u0219i modern \u00een spa\u021biul ales de dumneavoastr\u0103.<br \/>\nIt's the perfect solution for your home, whether you're hosting a family evening, gathering with friends for coffee or simply need extra seating in your home. The set is made of premium quality materials that will last for years of use!<\/p>\n<p>It can be created in any color.<\/p>\n<p>The structure is made out of wood, and the upholstery can be chosen from a wide range of shades of velvet\/fabric or class A eco-leather.<\/p>\n<p>Insertion of leather buttons or diamond stones.<\/p>\n<p>Extra option: coffee table, for a fee!<\/p>\n<p><strong>The set contains:<\/strong><\/p>\n<table class=\"tabel-dimensiuni tabel-compozitii\">\n<tbody>\n<tr>\n<td width=\"163\">&nbsp;<\/td>\n<td width=\"163\">Length<\/td>\n<td width=\"163\">Width<\/td>\n<td width=\"163\">Height<\/td>\n<\/tr>\n<tr>\n<td width=\"163\">3-seater sofa (extendable)<\/td>\n<td width=\"163\">235 cm<\/td>\n<td width=\"163\">110 cm<\/td>\n<td width=\"163\">93 cm<\/td>\n<\/tr>\n<tr>\n<td width=\"163\">2-seater sofa<\/td>\n<td width=\"163\">200 cm<\/td>\n<td width=\"163\">110 cm<\/td>\n<td width=\"163\">93 cm<\/td>\n<\/tr>\n<tr>\n<td width=\"163\">Armchair<\/td>\n<td width=\"163\">115 cm<\/td>\n<td width=\"163\">110 cm<\/td>\n<td width=\"163\">93 cm<\/td>\n<\/tr>\n<\/tbody>\n<\/table>\n<p>Sofa bed extension for 3 people: 195 x 135 cm<\/p>\n<p>&nbsp;<\/p>\n<p>Delivery time: 3\/4 weeks from date of order placement<\/p>\n<p>Transport \u0219i montaj inclus \u00een toat\u0103 Rom\u00e2nia!<\/p>\n<p>12-month warranty.<\/p>","protected":false},"excerpt":{"rendered":"<p>The structure is made out of wood, and the upholstery can be chosen from a wide range of shades of velvet\/fabric or class A eco-leather.<\/p>\n<p>Insertion of leather buttons or diamond stones.<\/p>\n<p>Extra option: coffee table, for a fee!<\/p>\n<p><strong>The set contains:<\/strong><\/p>\n<table class=\"tabel-dimensiuni tabel-compozitii\">\n<tbody>\n<tr>\n<td width=\"163\">&nbsp;<\/td>\n<td width=\"163\">Length<\/td>\n<td width=\"163\">Width<\/td>\n<td width=\"163\">Height<\/td>\n<\/tr>\n<tr>\n<td width=\"163\">3-seater sofa (extendable)<\/td>\n<td width=\"163\">235 cm<\/td>\n<td width=\"163\">110 cm<\/td>\n<td width=\"163\">93 cm<\/td>\n<\/tr>\n<tr>\n<td width=\"163\">2-seater sofa<\/td>\n<td width=\"163\">200 cm<\/td>\n<td width=\"163\">110 cm<\/td>\n<td width=\"163\">93 cm<\/td>\n<\/tr>\n<tr>\n<td width=\"163\">Armchair<\/td>\n<td width=\"163\">115 cm<\/td>\n<td width=\"163\">110 cm<\/td>\n<td width=\"163\">93 cm<\/td>\n<\/tr>\n<\/tbody>\n<\/table>\n<p>Sofa bed extension for 3 people: 195 x 135 cm<\/p>","protected":false},"featured_media":15607,"comment_status":"open","ping_status":"closed","template":"","meta":{"ngg_post_thumbnail":0},"product_brand":[],"product_cat":[15,87],"product_tag":[92],"class_list":{"0":"post-7968","1":"product","2":"type-product","3":"status-publish","4":"has-post-thumbnail","6":"product_cat-mobilauer","7":"product_cat-seturi-canapele","8":"product_tag-sale","10":"first","11":"onbackorder","12":"sale","13":"shipping-taxable","14":"purchasable","15":"product-type-simple"},"_links":{"self":[{"href":"https:\/\/mobilauer.ro\/en\/wp-json\/wp\/v2\/product\/7968","targetHints":{"allow":["GET"]}}],"collection":[{"href":"https:\/\/mobilauer.ro\/en\/wp-json\/wp\/v2\/product"}],"about":[{"href":"https:\/\/mobilauer.ro\/en\/wp-json\/wp\/v2\/types\/product"}],"replies":[{"embeddable":true,"href":"https:\/\/mobilauer.ro\/en\/wp-json\/wp\/v2\/comments?post=7968"}],"version-history":[{"count":4,"href":"https:\/\/mobilauer.ro\/en\/wp-json\/wp\/v2\/product\/7968\/revisions"}],"predecessor-version":[{"id":15613,"href":"https:\/\/mobilauer.ro\/en\/wp-json\/wp\/v2\/product\/7968\/revisions\/15613"}],"wp:featuredmedia":[{"embeddable":true,"href":"https:\/\/mobilauer.ro\/en\/wp-json\/wp\/v2\/media\/15607"}],"wp:attachment":[{"href":"https:\/\/mobilauer.ro\/en\/wp-json\/wp\/v2\/media?parent=7968"}],"wp:term":[{"taxonomy":"product_brand","embeddable":true,"href":"https:\/\/mobilauer.ro\/en\/wp-json\/wp\/v2\/product_brand?post=7968"},{"taxonomy":"product_cat","embeddable":true,"href":"https:\/\/mobilauer.ro\/en\/wp-json\/wp\/v2\/product_cat?post=7968"},{"taxonomy":"product_tag","embeddable":true,"href":"https:\/\/mobilauer.ro\/en\/wp-json\/wp\/v2\/product_tag?post=7968"}],"curies":[{"name":"wp","href":"https:\/\/api.w.org\/{rel}","templated":true}]}}